{"id":766,"date":"2026-03-28T15:13:40","date_gmt":"2026-03-28T19:13:40","guid":{"rendered":"https:\/\/bsandcoagency.com\/?page_id=766"},"modified":"2026-04-07T15:49:20","modified_gmt":"2026-04-07T19:49:20","slug":"schedule-emergency-meeting","status":"publish","type":"page","link":"https:\/\/bsandcoagency.com\/es\/schedule-emergency-meeting\/","title":{"rendered":"Programar Reuni\u00f3n de Emergencia"},"content":{"rendered":"<div data-elementor-type=\"wp-page\" data-elementor-id=\"766\" class=\"elementor elementor-766\" data-elementor-post-type=\"page\">\n\t\t\t\t<div class=\"elementor-element elementor-element-035287f e-flex e-con-boxed e-con e-parent\" data-id=\"035287f\" data-element_type=\"container\" data-e-type=\"container\">\n\t\t\t\t\t<div class=\"e-con-inner\">\n\t\t\t\t<div class=\"elementor-element elementor-element-35f3873 elementor-widget elementor-widget-spacer\" data-id=\"35f3873\" data-element_type=\"widget\" data-e-type=\"widget\" data-widget_type=\"spacer.default\">\n\t\t\t\t\t\t\t<div class=\"elementor-spacer\">\n\t\t\t<div class=\"elementor-spacer-inner\"><\/div>\n\t\t<\/div>\n\t\t\t\t\t\t<\/div>\n\t\t\t\t\t<\/div>\n\t\t\t\t<\/div>\n\t\t<div class=\"elementor-element elementor-element-4f9300a e-flex e-con-boxed e-con e-parent\" data-id=\"4f9300a\" data-element_type=\"container\" data-e-type=\"container\">\n\t\t\t\t\t<div class=\"e-con-inner\">\n\t\t\t\t<div class=\"elementor-element elementor-element-15ffe7d elementor-widget elementor-widget-image\" data-id=\"15ffe7d\" data-element_type=\"widget\" data-e-type=\"widget\" data-widget_type=\"image.default\">\n\t\t\t\t\t\t\t\t\t\t\t\t\t\t\t<img fetchpriority=\"high\" decoding=\"async\" width=\"300\" height=\"198\" src=\"https:\/\/bsandcoagency.com\/wp-content\/uploads\/2026\/03\/cropped-Logo-fondo-blanco-y-letras-en-negro-204x134.png\" class=\"attachment-medium size-medium wp-image-174\" alt=\"BS and Company Agency\" srcset=\"https:\/\/bsandcoagency.com\/wp-content\/uploads\/2026\/03\/cropped-Logo-fondo-blanco-y-letras-en-negro-300x198.png 300w, https:\/\/bsandcoagency.com\/wp-content\/uploads\/2026\/03\/cropped-Logo-fondo-blanco-y-letras-en-negro-768x506.png 768w, https:\/\/bsandcoagency.com\/wp-content\/uploads\/2026\/03\/cropped-Logo-fondo-blanco-y-letras-en-negro-18x12.png 18w, https:\/\/bsandcoagency.com\/wp-content\/uploads\/2026\/03\/cropped-Logo-fondo-blanco-y-letras-en-negro-600x395.png 600w, https:\/\/bsandcoagency.com\/wp-content\/uploads\/2026\/03\/cropped-Logo-fondo-blanco-y-letras-en-negro-204x134.png 204w, https:\/\/bsandcoagency.com\/wp-content\/uploads\/2026\/03\/cropped-Logo-fondo-blanco-y-letras-en-negro.png 1023w\" sizes=\"(max-width: 300px) 100vw, 300px\" \/>\t\t\t\t\t\t\t\t\t\t\t\t\t\t\t<\/div>\n\t\t\t\t\t<\/div>\n\t\t\t\t<\/div>\n\t\t<div class=\"elementor-element elementor-element-936e658 e-flex e-con-boxed e-con e-parent\" data-id=\"936e658\" data-element_type=\"container\" data-e-type=\"container\">\n\t\t\t\t\t<div class=\"e-con-inner\">\n\t\t\t\t<div class=\"elementor-element elementor-element-652d591 elementor-widget__width-initial elementor-widget elementor-widget-heading\" data-id=\"652d591\" data-element_type=\"widget\" data-e-type=\"widget\" data-widget_type=\"heading.default\">\n\t\t\t\t\t<h2 class=\"elementor-heading-title elementor-size-default translation-block\">Programar Reuni\u00f3n de Emergencia<br><br>\n(Reuniones Presenciales, Telef\u00f3nicas o por Videoconferencia)<\/h2>\t\t\t\t<\/div>\n\t\t\t\t<div class=\"elementor-element elementor-element-d25aaec elementor-widget elementor-widget-text-editor\" data-id=\"d25aaec\" data-element_type=\"widget\" data-e-type=\"widget\" data-widget_type=\"text-editor.default\">\n\t\t\t\t\t\t\t\t\t<p>Estas reuniones se aplican a clientes con contratos anuales, clientes virtuales y clientes con contratos de pago mensuales que sean clientes formales de BS and Company Agency y requieran una reuni\u00f3n de emergencia, ya sea en persona, por videoconferencia o por tel\u00e9fono.<\/p><p>En lo que respecta a las reuniones de emergencia solicitadas por clientes con contrato, incluso si sus horas de servicio est\u00e1n cubiertas por dicho contrato, estas reuniones conllevan un cargo adicional cuando requieren modificar la agenda previamente programada de la Agencia. Esto se debe a que una reuni\u00f3n de emergencia obliga a la Agencia BS and Company a reprogramar reuniones ya coordinadas con otros clientes potenciales o existentes, o a trabajar fuera del horario laboral habitual.<\/p><p>Adem\u00e1s del tiempo real empleado en la reuni\u00f3n de emergencia, la Agencia tambi\u00e9n incurre en una p\u00e9rdida operativa de una hora antes y una hora despu\u00e9s de la reuni\u00f3n, necesaria para los desplazamientos, la reprogramaci\u00f3n y para garantizar la llegada puntual a la reuni\u00f3n de emergencia y a la siguiente cita programada.<\/p><p>Por este motivo, cada reuni\u00f3n de emergencia tiene un costo fijo de $1,000.00, equivalente a cuatro (4) horas facturadas a $250.00 por hora, para cubrir el impacto econ\u00f3mico y operativo de reprogramar compromisos previamente establecidos, dejar el trabajo de oficina o atender asuntos fuera del horario laboral. Este costo debe pagarse al momento de programar la cita, y el cliente acepta que no es reembolsable bajo ninguna circunstancia.<\/p><p>A efectos de esta pol\u00edtica de \"emergencia\", el horario de atenci\u00f3n de emergencia de BS and Company Agency ser\u00e1 de lunes a viernes, de 7:00 a. m. a 11:00 a. m., o de 5:45 p. m. a 11:00 p. m., excluyendo los d\u00edas festivos.<\/p>\t\t\t\t\t\t\t\t<\/div>\n\t\t\t\t\t<\/div>\n\t\t\t\t<\/div>\n\t\t<div class=\"elementor-element elementor-element-7a24938 e-con-full e-flex e-con e-parent\" data-id=\"7a24938\" data-element_type=\"container\" data-e-type=\"container\">\n\t\t<div class=\"elementor-element elementor-element-66bf3f9 e-con-full e-flex e-con e-child\" data-id=\"66bf3f9\" data-element_type=\"container\" data-e-type=\"container\">\n\t\t\t\t<div class=\"elementor-element elementor-element-3909073 elementor-widget__width-inherit elementor-widget elementor-widget-html\" data-id=\"3909073\" data-element_type=\"widget\" data-e-type=\"widget\" data-widget_type=\"html.default\">\n\t\t\t\t\t<style>\n.calendly-inline-widget { overflow-y: hidden !important; }\n<\/style>\n<div class=\"calendly-inline-widget\" data-url=\"https:\/\/calendly.com\/sbm-beniquezsanchez\/reunion-presencial-cliente-con-contrato-anual-emergencia?hide_gdpr_banner=1&primary_color=ff0010\" style=\"min-width:320px;height:3000px;\"><\/div>\n<script type=\"text\/javascript\" src=\"https:\/\/assets.calendly.com\/assets\/external\/widget.js\" async><\/script>\n<!-- Final del widget integrado de Calendly -->\t\t\t\t<\/div>\n\t\t\t\t<\/div>\n\t\t\t\t<\/div>\n\t\t<div class=\"elementor-element elementor-element-25088a5 e-flex e-con-boxed e-con e-parent\" data-id=\"25088a5\" data-element_type=\"container\" data-e-type=\"container\">\n\t\t\t\t\t<div class=\"e-con-inner\">\n\t\t\t\t<div class=\"elementor-element elementor-element-5122c05 elementor-widget elementor-widget-spacer\" data-id=\"5122c05\" data-element_type=\"widget\" data-e-type=\"widget\" data-widget_type=\"spacer.default\">\n\t\t\t\t\t\t\t<div class=\"elementor-spacer\">\n\t\t\t<div class=\"elementor-spacer-inner\"><\/div>\n\t\t<\/div>\n\t\t\t\t\t\t<\/div>\n\t\t\t\t\t<\/div>\n\t\t\t\t<\/div>\n\t\t<div class=\"elementor-element elementor-element-f118cd2 e-flex e-con-boxed e-con e-parent\" data-id=\"f118cd2\" data-element_type=\"container\" data-e-type=\"container\">\n\t\t\t\t\t<div class=\"e-con-inner\">\n\t\t\t\t<div class=\"elementor-element elementor-element-22b697d elementor-widget elementor-widget-text-editor\" data-id=\"22b697d\" data-element_type=\"widget\" data-e-type=\"widget\" data-widget_type=\"text-editor.default\">\n\t\t\t\t\t\t\t\t\t<p class=\"translation-block\">Antes de programar su cita o usar nuestro sitio web, es importante que lea nuestros <a href=\"https:\/\/bsandcoagency.com\/es\/terms-and-conditions\/\" target=\"_blank\" rel=\"noopener\"><span style=\"color: #0000ff\">t\u00e9rminos, condiciones<\/span><\/a> y <a href=\"https:\/\/bsandcoagency.com\/es\/privacy-policy\/\" target=\"_blank\" rel=\"noopener\"><span style=\"color: #0000ff\">pol\u00edticas<\/span><\/a>. Al usar nuestro sitio web y sistema de citas, usted reconoce y certifica que ha le\u00eddo y acepta plenamente nuestros t\u00e9rminos, condiciones y pol\u00edticas.<\/p>\t\t\t\t\t\t\t\t<\/div>\n\t\t\t\t<div class=\"elementor-element elementor-element-e5ad9cf elementor-widget elementor-widget-spacer\" data-id=\"e5ad9cf\" data-element_type=\"widget\" data-e-type=\"widget\" data-widget_type=\"spacer.default\">\n\t\t\t\t\t\t\t<div class=\"elementor-spacer\">\n\t\t\t<div class=\"elementor-spacer-inner\"><\/div>\n\t\t<\/div>\n\t\t\t\t\t\t<\/div>\n\t\t\t\t\t<\/div>\n\t\t\t\t<\/div>\n\t\t\t\t<\/div>","protected":false},"excerpt":{"rendered":"<p>Schedule Emergency Meeting (In-Person, Telephone or Video Meetings) These meetings apply to clients with annual contracts, virtual clients, and clients [&hellip;]<\/p>\n","protected":false},"author":1,"featured_media":0,"parent":0,"menu_order":0,"comment_status":"closed","ping_status":"closed","template":"elementor_canvas","meta":{"site-sidebar-layout":"no-sidebar","site-content-layout":"","ast-site-content-layout":"full-width-container","site-content-style":"default","site-sidebar-style":"default","ast-global-header-display":"","ast-banner-title-visibility":"","ast-main-header-display":"","ast-hfb-above-header-display":"","ast-hfb-below-header-display":"","ast-hfb-mobile-header-display":"","site-post-title":"","ast-breadcrumbs-content":"","ast-featured-img":"disabled","footer-sml-layout":"","ast-disable-related-posts":"","theme-transparent-header-meta":"","adv-header-id-meta":"","stick-header-meta":"","header-above-stick-meta":"","header-main-stick-meta":"","header-below-stick-meta":"","astra-migrate-meta-layouts":"default","ast-page-background-enabled":"default","ast-page-background-meta":{"desktop":{"background-color":"var(--ast-global-color-5)","background-image":"","background-repeat":"repeat","background-position":"center center","background-size":"auto","background-attachment":"scroll","background-type":"","background-media":"","overlay-type":"","overlay-color":"","overlay-opacity":"","overlay-gradient":""},"tablet":{"background-color":"","background-image":"","background-repeat":"repeat","background-position":"center center","background-size":"auto","background-attachment":"scroll","background-type":"","background-media":"","overlay-type":"","overlay-color":"","overlay-opacity":"","overlay-gradient":""},"mobile":{"background-color":"","background-image":"","background-repeat":"repeat","background-position":"center center","background-size":"auto","background-attachment":"scroll","background-type":"","background-media":"","overlay-type":"","overlay-color":"","overlay-opacity":"","overlay-gradient":""}},"ast-content-background-meta":{"desktop":{"background-color":"var(--ast-global-color-4)","background-image":"","background-repeat":"repeat","background-position":"center center","background-size":"auto","background-attachment":"scroll","background-type":"","background-media":"","overlay-type":"","overlay-color":"","overlay-opacity":"","overlay-gradient":""},"tablet":{"background-color":"var(--ast-global-color-4)","background-image":"","background-repeat":"repeat","background-position":"center center","background-size":"auto","background-attachment":"scroll","background-type":"","background-media":"","overlay-type":"","overlay-color":"","overlay-opacity":"","overlay-gradient":""},"mobile":{"background-color":"var(--ast-global-color-4)","background-image":"","background-repeat":"repeat","background-position":"center center","background-size":"auto","background-attachment":"scroll","background-type":"","background-media":"","overlay-type":"","overlay-color":"","overlay-opacity":"","overlay-gradient":""}},"footnotes":""},"class_list":["post-766","page","type-page","status-publish","hentry"],"_links":{"self":[{"href":"https:\/\/bsandcoagency.com\/es\/wp-json\/wp\/v2\/pages\/766","targetHints":{"allow":["GET"]}}],"collection":[{"href":"https:\/\/bsandcoagency.com\/es\/wp-json\/wp\/v2\/pages"}],"about":[{"href":"https:\/\/bsandcoagency.com\/es\/wp-json\/wp\/v2\/types\/page"}],"author":[{"embeddable":true,"href":"https:\/\/bsandcoagency.com\/es\/wp-json\/wp\/v2\/users\/1"}],"replies":[{"embeddable":true,"href":"https:\/\/bsandcoagency.com\/es\/wp-json\/wp\/v2\/comments?post=766"}],"version-history":[{"count":43,"href":"https:\/\/bsandcoagency.com\/es\/wp-json\/wp\/v2\/pages\/766\/revisions"}],"predecessor-version":[{"id":1672,"href":"https:\/\/bsandcoagency.com\/es\/wp-json\/wp\/v2\/pages\/766\/revisions\/1672"}],"wp:attachment":[{"href":"https:\/\/bsandcoagency.com\/es\/wp-json\/wp\/v2\/media?parent=766"}],"curies":[{"name":"wp","href":"https:\/\/api.w.org\/{rel}","templated":true}]}}