{"id":492,"date":"2026-03-07T22:55:09","date_gmt":"2026-03-08T02:55:09","guid":{"rendered":"https:\/\/bsandcoagency.com\/?page_id=492"},"modified":"2026-03-15T21:57:29","modified_gmt":"2026-03-16T01:57:29","slug":"payment-cancellation-and-refund-policy","status":"publish","type":"page","link":"https:\/\/bsandcoagency.com\/es\/payment-cancellation-and-refund-policy\/","title":{"rendered":"Pol\u00edtica de Pago, Cancelaci\u00f3n y Reembolso"},"content":{"rendered":"<div data-elementor-type=\"wp-page\" data-elementor-id=\"492\" class=\"elementor elementor-492\" data-elementor-post-type=\"page\">\n\t\t\t\t<div class=\"elementor-element elementor-element-53db821 e-flex e-con-boxed e-con e-parent\" data-id=\"53db821\" data-element_type=\"container\" data-e-type=\"container\">\n\t\t\t\t\t<div class=\"e-con-inner\">\n\t\t\t\t<div class=\"elementor-element elementor-element-4ddae0f elementor-widget elementor-widget-spacer\" data-id=\"4ddae0f\" data-element_type=\"widget\" data-e-type=\"widget\" data-widget_type=\"spacer.default\">\n\t\t\t\t\t\t\t<div class=\"elementor-spacer\">\n\t\t\t<div class=\"elementor-spacer-inner\"><\/div>\n\t\t<\/div>\n\t\t\t\t\t\t<\/div>\n\t\t\t\t\t<\/div>\n\t\t\t\t<\/div>\n\t\t<div class=\"elementor-element elementor-element-4298a3e e-con-full e-flex e-con e-parent\" data-id=\"4298a3e\" data-element_type=\"container\" data-e-type=\"container\">\n\t\t\t\t<div class=\"elementor-element elementor-element-e4f6c7d elementor-widget elementor-widget-text-editor\" data-id=\"e4f6c7d\" data-element_type=\"widget\" data-e-type=\"widget\" data-widget_type=\"text-editor.default\">\n\t\t\t\t\t\t\t\t\t<h1 data-start=\"6998\" data-end=\"7039\">POL\u00cdTICA DE PAGO, CANCELACI\u00d3N Y REEMBOLSO<\/h1><h2 data-start=\"7041\" data-end=\"7087\">Pagos irrevocables y naturaleza de los servicios<\/h2><p data-start=\"7089\" data-end=\"7216\">El pago se considerar\u00e1 completado solo cuando los fondos hayan sido efectivamente recibidos y reflejados en la cuenta de la Agencia.<\/p><p data-start=\"7218\" data-end=\"7314\">EL CLIENTE es responsable de verificar los cronogramas de procesamiento de su instituci\u00f3n financiera.<\/p><p data-start=\"7316\" data-end=\"7410\">Cualquier demora en la acreditaci\u00f3n de fondos no constituir\u00e1 justificaci\u00f3n v\u00e1lida para pago tard\u00edo.<\/p><hr data-start=\"7412\" data-end=\"7415\" \/><h2 data-start=\"7417\" data-end=\"7459\">Pagos irrevocables y no reembolsables<\/h2><p data-start=\"7461\" data-end=\"7511\">EL CLIENTE expresamente reconoce y acuerda que:<\/p><p data-start=\"7513\" data-end=\"7709\">a) Servicios contratados bajo este Acuerdo constituyen <strong data-start=\"7568\" data-end=\"7621\">servicios profesionales y creativos no reembolsables, basados en horas de trabajo<\/strong>, peritaje especializado, planificaci\u00f3n estrat\u00e9gica y ejecuci\u00f3n continua.<\/p><p data-start=\"7711\" data-end=\"7895\">b) La naturaleza de estos servicios <strong data-start=\"7743\" data-end=\"7831\">no permite la devoluci\u00f3n de tiempo, creatividad, estrategia, planificaci\u00f3n o trabajo realizado<\/strong>, y por lo tanto no son reembolsables bajo ninguna circunstancia.<\/p><p data-start=\"7897\" data-end=\"7976\">c) EL CLIENTE expresamente renuncia el derecho de solicitar a cualquier procesador de pagos:<\/p><ul data-start=\"7978\" data-end=\"8047\"><li data-start=\"7978\" data-end=\"7988\"><p data-start=\"7980\" data-end=\"7988\">PayPal<\/p><\/li><li data-start=\"7989\" data-end=\"7999\"><p data-start=\"7991\" data-end=\"7999\">Stripe<\/p><\/li><li data-start=\"8000\" data-end=\"8009\"><p data-start=\"8002\" data-end=\"8009\">bancos<\/p><\/li><li data-start=\"8010\" data-end=\"8026\"><p data-start=\"8012\" data-end=\"8026\">emisores de tarjetas<\/p><\/li><li data-start=\"8027\" data-end=\"8047\"><p data-start=\"8029\" data-end=\"8047\">redes de pago<\/p><\/li><\/ul><p data-start=\"8049\" data-end=\"8094\">cualquier reversi\u00f3n o reembolso por servicios rendidos.<\/p><p data-start=\"8096\" data-end=\"8230\">d) Cualquier pago hecho a trav\u00e9s de cualquier procesador electr\u00f3nico de pagos ser\u00e1 considerado <strong data-start=\"8177\" data-end=\"8230\">pago por servicios profesionales no reembolsables.<\/strong><\/p><p data-start=\"8232\" data-end=\"8283\">e) En el evento de un contracargo o disputa de pago:<\/p><p data-start=\"8285\" data-end=\"8345\">EL CLIENTE permanece obligado a pagar el balance pendiente.<\/p><p data-start=\"8347\" data-end=\"8509\">f) EL CLIENTE ser\u00e1 responsable por todos los cargos, costos, comisiones, penalidades, intereses y gastos legales incurridos por LA AGENCIA en recuperar la cantidad adeudada.<\/p><p data-start=\"8511\" data-end=\"8681\">g) En el caso de pago por transferencia bancaria, EL CLIENTE acuerda no solicitar ninguna reversi\u00f3n, disputa o reclamaci\u00f3n bancaria por transacciones hechas de acuerdo con estos servicios.<\/p>\t\t\t\t\t\t\t\t<\/div>\n\t\t\t\t<\/div>\n\t\t\t\t<\/div>","protected":false},"excerpt":{"rendered":"<p>PAYMENT, CANCELLATION AND REFUND POLICY Irrevocable payments and nature of services Payment shall be considered completed only when the funds [&hellip;]<\/p>\n","protected":false},"author":1,"featured_media":0,"parent":0,"menu_order":0,"comment_status":"closed","ping_status":"closed","template":"","meta":{"site-sidebar-layout":"no-sidebar","site-content-layout":"","ast-site-content-layout":"full-width-container","site-content-style":"default","site-sidebar-style":"default","ast-global-header-display":"","ast-banner-title-visibility":"","ast-main-header-display":"","ast-hfb-above-header-display":"","ast-hfb-below-header-display":"","ast-hfb-mobile-header-display":"","site-post-title":"disabled","ast-breadcrumbs-content":"","ast-featured-img":"disabled","footer-sml-layout":"","ast-disable-related-posts":"","theme-transparent-header-meta":"","adv-header-id-meta":"","stick-header-meta":"","header-above-stick-meta":"","header-main-stick-meta":"","header-below-stick-meta":"","astra-migrate-meta-layouts":"default","ast-page-background-enabled":"default","ast-page-background-meta":{"desktop":{"background-color":"var(--ast-global-color-5)","background-image":"","background-repeat":"repeat","background-position":"center center","background-size":"auto","background-attachment":"scroll","background-type":"","background-media":"","overlay-type":"","overlay-color":"","overlay-opacity":"","overlay-gradient":""},"tablet":{"background-color":"","background-image":"","background-repeat":"repeat","background-position":"center center","background-size":"auto","background-attachment":"scroll","background-type":"","background-media":"","overlay-type":"","overlay-color":"","overlay-opacity":"","overlay-gradient":""},"mobile":{"background-color":"","background-image":"","background-repeat":"repeat","background-position":"center center","background-size":"auto","background-attachment":"scroll","background-type":"","background-media":"","overlay-type":"","overlay-color":"","overlay-opacity":"","overlay-gradient":""}},"ast-content-background-meta":{"desktop":{"background-color":"var(--ast-global-color-4)","background-image":"","background-repeat":"repeat","background-position":"center center","background-size":"auto","background-attachment":"scroll","background-type":"","background-media":"","overlay-type":"","overlay-color":"","overlay-opacity":"","overlay-gradient":""},"tablet":{"background-color":"var(--ast-global-color-4)","background-image":"","background-repeat":"repeat","background-position":"center center","background-size":"auto","background-attachment":"scroll","background-type":"","background-media":"","overlay-type":"","overlay-color":"","overlay-opacity":"","overlay-gradient":""},"mobile":{"background-color":"var(--ast-global-color-4)","background-image":"","background-repeat":"repeat","background-position":"center center","background-size":"auto","background-attachment":"scroll","background-type":"","background-media":"","overlay-type":"","overlay-color":"","overlay-opacity":"","overlay-gradient":""}},"footnotes":""},"class_list":["post-492","page","type-page","status-publish","hentry"],"_links":{"self":[{"href":"https:\/\/bsandcoagency.com\/es\/wp-json\/wp\/v2\/pages\/492","targetHints":{"allow":["GET"]}}],"collection":[{"href":"https:\/\/bsandcoagency.com\/es\/wp-json\/wp\/v2\/pages"}],"about":[{"href":"https:\/\/bsandcoagency.com\/es\/wp-json\/wp\/v2\/types\/page"}],"author":[{"embeddable":true,"href":"https:\/\/bsandcoagency.com\/es\/wp-json\/wp\/v2\/users\/1"}],"replies":[{"embeddable":true,"href":"https:\/\/bsandcoagency.com\/es\/wp-json\/wp\/v2\/comments?post=492"}],"version-history":[{"count":7,"href":"https:\/\/bsandcoagency.com\/es\/wp-json\/wp\/v2\/pages\/492\/revisions"}],"predecessor-version":[{"id":500,"href":"https:\/\/bsandcoagency.com\/es\/wp-json\/wp\/v2\/pages\/492\/revisions\/500"}],"wp:attachment":[{"href":"https:\/\/bsandcoagency.com\/es\/wp-json\/wp\/v2\/media?parent=492"}],"curies":[{"name":"wp","href":"https:\/\/api.w.org\/{rel}","templated":true}]}}