{"id":1546,"date":"2026-03-30T16:53:57","date_gmt":"2026-03-30T20:53:57","guid":{"rendered":"https:\/\/bsandcoagency.com\/?page_id=1546"},"modified":"2026-03-30T17:00:20","modified_gmt":"2026-03-30T21:00:20","slug":"general-scheduling-of-consultations","status":"publish","type":"page","link":"https:\/\/bsandcoagency.com\/es\/general-scheduling-of-consultations\/","title":{"rendered":"Programaci\u00f3n de Consultas"},"content":{"rendered":"<div data-elementor-type=\"wp-page\" data-elementor-id=\"1546\" class=\"elementor elementor-1546\" data-elementor-post-type=\"page\">\n\t\t\t\t<div class=\"elementor-element elementor-element-035287f e-flex e-con-boxed e-con e-parent\" data-id=\"035287f\" data-element_type=\"container\" data-e-type=\"container\">\n\t\t\t\t\t<div class=\"e-con-inner\">\n\t\t\t\t<div class=\"elementor-element elementor-element-35f3873 elementor-widget elementor-widget-spacer\" data-id=\"35f3873\" data-element_type=\"widget\" data-e-type=\"widget\" data-widget_type=\"spacer.default\">\n\t\t\t\t\t\t\t<div class=\"elementor-spacer\">\n\t\t\t<div class=\"elementor-spacer-inner\"><\/div>\n\t\t<\/div>\n\t\t\t\t\t\t<\/div>\n\t\t\t\t\t<\/div>\n\t\t\t\t<\/div>\n\t\t<div class=\"elementor-element elementor-element-4f9300a e-flex e-con-boxed e-con e-parent\" data-id=\"4f9300a\" data-element_type=\"container\" data-e-type=\"container\">\n\t\t\t\t\t<div class=\"e-con-inner\">\n\t\t\t\t<div class=\"elementor-element elementor-element-15ffe7d elementor-widget elementor-widget-image\" data-id=\"15ffe7d\" data-element_type=\"widget\" data-e-type=\"widget\" data-widget_type=\"image.default\">\n\t\t\t\t\t\t\t\t\t\t\t\t\t\t\t<img fetchpriority=\"high\" decoding=\"async\" width=\"300\" height=\"198\" src=\"https:\/\/bsandcoagency.com\/wp-content\/uploads\/2026\/03\/cropped-Logo-fondo-blanco-y-letras-en-negro-204x134.png\" class=\"attachment-medium size-medium wp-image-174\" alt=\"BS and Company Agency\" srcset=\"https:\/\/bsandcoagency.com\/wp-content\/uploads\/2026\/03\/cropped-Logo-fondo-blanco-y-letras-en-negro-300x198.png 300w, https:\/\/bsandcoagency.com\/wp-content\/uploads\/2026\/03\/cropped-Logo-fondo-blanco-y-letras-en-negro-768x506.png 768w, https:\/\/bsandcoagency.com\/wp-content\/uploads\/2026\/03\/cropped-Logo-fondo-blanco-y-letras-en-negro-18x12.png 18w, https:\/\/bsandcoagency.com\/wp-content\/uploads\/2026\/03\/cropped-Logo-fondo-blanco-y-letras-en-negro-600x395.png 600w, https:\/\/bsandcoagency.com\/wp-content\/uploads\/2026\/03\/cropped-Logo-fondo-blanco-y-letras-en-negro-204x134.png 204w, https:\/\/bsandcoagency.com\/wp-content\/uploads\/2026\/03\/cropped-Logo-fondo-blanco-y-letras-en-negro.png 1023w\" sizes=\"(max-width: 300px) 100vw, 300px\" \/>\t\t\t\t\t\t\t\t\t\t\t\t\t\t\t<\/div>\n\t\t\t\t\t<\/div>\n\t\t\t\t<\/div>\n\t\t<div class=\"elementor-element elementor-element-936e658 e-flex e-con-boxed e-con e-parent\" data-id=\"936e658\" data-element_type=\"container\" data-e-type=\"container\">\n\t\t\t\t\t<div class=\"e-con-inner\">\n\t\t\t\t<div class=\"elementor-element elementor-element-652d591 elementor-widget elementor-widget-heading\" data-id=\"652d591\" data-element_type=\"widget\" data-e-type=\"widget\" data-widget_type=\"heading.default\">\n\t\t\t\t\t<h2 class=\"elementor-heading-title elementor-size-default\">Programaci\u00f3n de Consultas<\/h2>\t\t\t\t<\/div>\n\t\t\t\t<div class=\"elementor-element elementor-element-d25aaec elementor-widget elementor-widget-text-editor\" data-id=\"d25aaec\" data-element_type=\"widget\" data-e-type=\"widget\" data-widget_type=\"text-editor.default\">\n\t\t\t\t\t\t\t\t\t<p>Haz clic en el bot\u00f3n que mejor describa el tipo de reuni\u00f3n que deseas programar.<\/p>\t\t\t\t\t\t\t\t<\/div>\n\t\t\t\t\t<\/div>\n\t\t\t\t<\/div>\n\t\t<div class=\"elementor-element elementor-element-7a24938 e-flex e-con-boxed e-con e-parent\" data-id=\"7a24938\" data-element_type=\"container\" data-e-type=\"container\">\n\t\t\t\t\t<div class=\"e-con-inner\">\n\t\t<div class=\"elementor-element elementor-element-66bf3f9 e-con-full e-flex e-con e-child\" data-id=\"66bf3f9\" data-element_type=\"container\" data-e-type=\"container\">\n\t\t\t\t<div class=\"elementor-element elementor-element-d536a2e elementor-align-center elementor-widget elementor-widget-button\" data-id=\"d536a2e\" data-element_type=\"widget\" data-e-type=\"widget\" data-widget_type=\"button.default\">\n\t\t\t\t\t\t\t\t\t\t<a class=\"elementor-button elementor-button-link elementor-size-sm\" href=\"https:\/\/bsandcoagency.com\/es\/meeting-schedule-for-clients-with-annual-contracts\/\">\n\t\t\t\t\t\t<span class=\"elementor-button-content-wrapper\">\n\t\t\t\t\t\t\t\t\t<span class=\"elementor-button-text\">Reserva de Citas para Clientes con Contratos Anuales<\/span>\n\t\t\t\t\t<\/span>\n\t\t\t\t\t<\/a>\n\t\t\t\t\t\t\t\t<\/div>\n\t\t\t\t<\/div>\n\t\t\t\t\t<\/div>\n\t\t\t\t<\/div>\n\t\t<div class=\"elementor-element elementor-element-bf88a44 e-flex e-con-boxed e-con e-parent\" data-id=\"bf88a44\" data-element_type=\"container\" data-e-type=\"container\">\n\t\t\t\t\t<div class=\"e-con-inner\">\n\t\t<div class=\"elementor-element elementor-element-3334847 e-con-full e-flex e-con e-child\" data-id=\"3334847\" data-element_type=\"container\" data-e-type=\"container\">\n\t\t\t\t<div class=\"elementor-element elementor-element-490b98d elementor-align-center elementor-widget elementor-widget-button\" data-id=\"490b98d\" data-element_type=\"widget\" data-e-type=\"widget\" data-widget_type=\"button.default\">\n\t\t\t\t\t\t\t\t\t\t<a class=\"elementor-button elementor-button-link elementor-size-sm\" href=\"https:\/\/bsandcoagency.com\/es\/scheduling-of-consultations-for-prospects\/\">\n\t\t\t\t\t\t<span class=\"elementor-button-content-wrapper\">\n\t\t\t\t\t\t\t\t\t<span class=\"elementor-button-text\">Reservas de Consulta Inicial<\/span>\n\t\t\t\t\t<\/span>\n\t\t\t\t\t<\/a>\n\t\t\t\t\t\t\t\t<\/div>\n\t\t\t\t<\/div>\n\t\t\t\t\t<\/div>\n\t\t\t\t<\/div>\n\t\t<div class=\"elementor-element elementor-element-25088a5 e-flex e-con-boxed e-con e-parent\" data-id=\"25088a5\" data-element_type=\"container\" data-e-type=\"container\">\n\t\t\t\t\t<div class=\"e-con-inner\">\n\t\t\t\t<div class=\"elementor-element elementor-element-5122c05 elementor-widget elementor-widget-spacer\" data-id=\"5122c05\" data-element_type=\"widget\" data-e-type=\"widget\" data-widget_type=\"spacer.default\">\n\t\t\t\t\t\t\t<div class=\"elementor-spacer\">\n\t\t\t<div class=\"elementor-spacer-inner\"><\/div>\n\t\t<\/div>\n\t\t\t\t\t\t<\/div>\n\t\t\t\t\t<\/div>\n\t\t\t\t<\/div>\n\t\t<div class=\"elementor-element elementor-element-5cae7fa e-flex e-con-boxed e-con e-parent\" data-id=\"5cae7fa\" data-element_type=\"container\" data-e-type=\"container\">\n\t\t\t\t\t<div class=\"e-con-inner\">\n\t\t\t\t<div class=\"elementor-element elementor-element-386d961 elementor-widget elementor-widget-text-editor\" data-id=\"386d961\" data-element_type=\"widget\" data-e-type=\"widget\" data-widget_type=\"text-editor.default\">\n\t\t\t\t\t\t\t\t\t<p class=\"translation-block\">Antes de programar su cita o usar nuestro sitio web, es importante que lea nuestros <a href=\"https:\/\/bsandcoagency.com\/es\/terms-and-conditions\/\" target=\"_blank\" rel=\"noopener\"><span style=\"color: #0000ff\">t\u00e9rminos, condiciones<\/span><\/a> y <a href=\"https:\/\/bsandcoagency.com\/es\/privacy-policy\/\" target=\"_blank\" rel=\"noopener\"><span style=\"color: #0000ff\">pol\u00edticas<\/span><\/a>. Al usar nuestro sitio web y sistema de citas, usted reconoce y certifica que ha le\u00eddo y acepta plenamente nuestros t\u00e9rminos, condiciones y pol\u00edticas.<\/p>\t\t\t\t\t\t\t\t<\/div>\n\t\t\t\t\t<\/div>\n\t\t\t\t<\/div>\n\t\t\t\t<\/div>","protected":false},"excerpt":{"rendered":"<p>Scheduling of Consultations Click on the button that best describes the type of meeting you wish to schedule. Appointment Booking [&hellip;]<\/p>\n","protected":false},"author":1,"featured_media":0,"parent":0,"menu_order":0,"comment_status":"closed","ping_status":"closed","template":"elementor_canvas","meta":{"site-sidebar-layout":"no-sidebar","site-content-layout":"","ast-site-content-layout":"full-width-container","site-content-style":"default","site-sidebar-style":"default","ast-global-header-display":"","ast-banner-title-visibility":"","ast-main-header-display":"","ast-hfb-above-header-display":"","ast-hfb-below-header-display":"","ast-hfb-mobile-header-display":"","site-post-title":"","ast-breadcrumbs-content":"","ast-featured-img":"disabled","footer-sml-layout":"","ast-disable-related-posts":"","theme-transparent-header-meta":"","adv-header-id-meta":"","stick-header-meta":"","header-above-stick-meta":"","header-main-stick-meta":"","header-below-stick-meta":"","astra-migrate-meta-layouts":"default","ast-page-background-enabled":"default","ast-page-background-meta":{"desktop":{"background-color":"var(--ast-global-color-5)","background-image":"","background-repeat":"repeat","background-position":"center center","background-size":"auto","background-attachment":"scroll","background-type":"","background-media":"","overlay-type":"","overlay-color":"","overlay-opacity":"","overlay-gradient":""},"tablet":{"background-color":"","background-image":"","background-repeat":"repeat","background-position":"center center","background-size":"auto","background-attachment":"scroll","background-type":"","background-media":"","overlay-type":"","overlay-color":"","overlay-opacity":"","overlay-gradient":""},"mobile":{"background-color":"","background-image":"","background-repeat":"repeat","background-position":"center center","background-size":"auto","background-attachment":"scroll","background-type":"","background-media":"","overlay-type":"","overlay-color":"","overlay-opacity":"","overlay-gradient":""}},"ast-content-background-meta":{"desktop":{"background-color":"var(--ast-global-color-4)","background-image":"","background-repeat":"repeat","background-position":"center center","background-size":"auto","background-attachment":"scroll","background-type":"","background-media":"","overlay-type":"","overlay-color":"","overlay-opacity":"","overlay-gradient":""},"tablet":{"background-color":"var(--ast-global-color-4)","background-image":"","background-repeat":"repeat","background-position":"center center","background-size":"auto","background-attachment":"scroll","background-type":"","background-media":"","overlay-type":"","overlay-color":"","overlay-opacity":"","overlay-gradient":""},"mobile":{"background-color":"var(--ast-global-color-4)","background-image":"","background-repeat":"repeat","background-position":"center center","background-size":"auto","background-attachment":"scroll","background-type":"","background-media":"","overlay-type":"","overlay-color":"","overlay-opacity":"","overlay-gradient":""}},"footnotes":""},"class_list":["post-1546","page","type-page","status-publish","hentry"],"_links":{"self":[{"href":"https:\/\/bsandcoagency.com\/es\/wp-json\/wp\/v2\/pages\/1546","targetHints":{"allow":["GET"]}}],"collection":[{"href":"https:\/\/bsandcoagency.com\/es\/wp-json\/wp\/v2\/pages"}],"about":[{"href":"https:\/\/bsandcoagency.com\/es\/wp-json\/wp\/v2\/types\/page"}],"author":[{"embeddable":true,"href":"https:\/\/bsandcoagency.com\/es\/wp-json\/wp\/v2\/users\/1"}],"replies":[{"embeddable":true,"href":"https:\/\/bsandcoagency.com\/es\/wp-json\/wp\/v2\/comments?post=1546"}],"version-history":[{"count":8,"href":"https:\/\/bsandcoagency.com\/es\/wp-json\/wp\/v2\/pages\/1546\/revisions"}],"predecessor-version":[{"id":1613,"href":"https:\/\/bsandcoagency.com\/es\/wp-json\/wp\/v2\/pages\/1546\/revisions\/1613"}],"wp:attachment":[{"href":"https:\/\/bsandcoagency.com\/es\/wp-json\/wp\/v2\/media?parent=1546"}],"curies":[{"name":"wp","href":"https:\/\/api.w.org\/{rel}","templated":true}]}}